{"id":1172,"date":"2026-02-25T07:35:23","date_gmt":"2026-02-25T07:35:23","guid":{"rendered":"https:\/\/medinatouna.shop\/?post_type=product&#038;p=1172"},"modified":"2026-04-25T03:18:49","modified_gmt":"2026-04-25T03:18:49","slug":"session-intensive-de-langue-arabe-12-mois","status":"publish","type":"product","link":"https:\/\/medinatouna.shop\/en\/product\/session-intensive-de-langue-arabe-12-mois\/","title":{"rendered":"INTENSIVE ARABIC LANGUAGE SESSION \u2013 12 MONTHS"},"content":{"rendered":"<h2 style=\"text-align: center;\" data-start=\"333\" data-end=\"392\">Une ann\u00e9e pour transformer votre niveau et votre vie<\/h2>\n<p data-start=\"394\" data-end=\"486\">Imaginez 12 mois complets \u00e0 M\u00e9dine.<br data-start=\"429\" data-end=\"432\" \/>Pas un s\u00e9jour touristique.<br data-start=\"458\" data-end=\"461\" \/>Pas une simple formation.<\/p>\n<h4 data-start=\"488\" data-end=\"513\"><span style=\"color: #008000;\"><strong>Une immersion totale<\/strong><\/span>.<\/h4>\n<hr data-start=\"795\" data-end=\"798\" \/>\n<h1 data-start=\"800\" data-end=\"817\">\ud83c\udf93 LE PROGRAMME<\/h1>\n<h2 data-start=\"819\" data-end=\"856\">\ud83d\udcda Cours Intensifs de Langue Arabe<\/h2>\n<h3 style=\"padding-left: 40px;\">\u2022<span style=\"color: #993300;\"> Tous niveaux accept\u00e9s <\/span><\/h3>\n<p><strong>Cours d\u2019arabe <span style=\"color: #993300;\">(+ de 34H par mois)<\/span><\/strong><br data-start=\"881\" data-end=\"884\" \/>\u2022 Programme structur\u00e9 sur 12 mois (12 niveaux)<br data-start=\"917\" data-end=\"920\" \/>\u2022 M\u00e9thodologie progressive<br data-start=\"946\" data-end=\"949\" \/>\u2022 Immersion quotidienne<br data-start=\"972\" data-end=\"975\" \/>\u2022 Environnement 100% arabophone<\/p>\n<p data-start=\"1010\" data-end=\"1086\">L\u2019objectif n\u2019est pas seulement \u201ccomprendre\u201d.<br data-start=\"1054\" data-end=\"1057\" \/>L\u2019objectif est de <strong data-start=\"1072\" data-end=\"1085\">ma\u00eetriser la langue arabe<\/strong><\/p>\n<hr data-start=\"1088\" data-end=\"1091\" \/>\n<h2 data-start=\"1093\" data-end=\"1126\">\ud83c\udfe0 H\u00e9bergement \u00e0 M\u00e9dine Inclus<\/h2>\n<p data-start=\"1195\" data-end=\"1325\">\u2022 Appartement meubl\u00e9 partag\u00e9\u00a0\u00a0<br data-start=\"1212\" data-end=\"1215\" \/>\u2022 Ambiance adapt\u00e9e aux \u00e9tudiants<br data-start=\"1247\" data-end=\"1250\" \/>\u2022 Organisation pens\u00e9e pour la concentration<br data-start=\"1293\" data-end=\"1296\" \/>\u2022 <span style=\"color: #ff6600;\"><strong>Chambre priv\u00e9e de 2 personnes maximum\u00a0<\/strong><\/span><\/p>\n<p data-start=\"1327\" data-end=\"1354\">Vivre, \u00e9tudier, progresser.<\/p>\n<hr \/>\n<h2 data-start=\"103\" data-end=\"148\">\ud83d\udec2 Accompagnement &amp; Prise en Charge du Visa<\/h2>\n<h3 data-start=\"150\" data-end=\"194\">\ud83c\udfaf Visa Business inclus dans le programme<\/h3>\n<p data-start=\"196\" data-end=\"376\">Nous vous accompagnons dans l\u2019ensemble des d\u00e9marches li\u00e9es \u00e0 l\u2019obtention de votre <strong data-start=\"278\" data-end=\"295\">visa business<\/strong>, afin de faciliter votre installation \u00e0 M\u00e9dine dans un cadre l\u00e9gal et structur\u00e9.<\/p>\n<h3 data-start=\"378\" data-end=\"402\">\ud83d\udccc Dur\u00e9e de validit\u00e9<\/h3>\n<ul>\n<li data-start=\"406\" data-end=\"463\"><strong data-start=\"406\" data-end=\"461\">G\u00e9n\u00e9ralement 4 ans pour les ressortissants fran\u00e7ais<\/strong><\/li>\n<li data-start=\"466\" data-end=\"505\"><strong data-start=\"466\" data-end=\"503\">1 an pour les autres nationalit\u00e9s<\/strong><\/li>\n<\/ul>\n<p data-start=\"507\" data-end=\"586\"><em data-start=\"507\" data-end=\"586\">(Sous r\u00e9serve des r\u00e8gles administratives en vigueur au moment de la demande.)<\/em><\/p>\n<h3 data-start=\"1056\" data-end=\"1081\">\u2708 Conditions de s\u00e9jour pour les visas<\/h3>\n<ul>\n<li data-start=\"1132\" data-end=\"1199\">Une sortie du territoire saoudien est requise <strong data-start=\"1178\" data-end=\"1197\">tous les 3 mois<\/strong><\/li>\n<li data-start=\"1202\" data-end=\"1252\">Il s\u2019agit d\u2019un aller-retour administratif simple<\/li>\n<\/ul>\n<p data-start=\"1254\" data-end=\"1372\">Nous vous informons et vous guidons sur les modalit\u00e9s pratiques afin que cela se fasse dans les meilleures conditions.<\/p>\n<hr data-start=\"1636\" data-end=\"1639\" \/>\n<h2 data-start=\"1641\" data-end=\"1659\">\ud83d\udd4b<span style=\"color: #ff6600;\">12 Omra Incluses<\/span><\/h2>\n<p data-start=\"1661\" data-end=\"1725\">Transport &amp; Hotel inclus (2 nuitees a chaque omra) *Sauf pendant la periode du hajj<\/p>\n<hr data-start=\"1759\" data-end=\"1762\" \/>\n<h3 data-start=\"1764\" data-end=\"1793\">\ud83c\udfaf Activit\u00e9s &amp; Encadrement<\/h3>\n<p data-start=\"1795\" data-end=\"1888\">\u2022 2 Activit\u00e9s Aleatoire par mois<\/p>\n<hr data-start=\"2248\" data-end=\"2251\" \/>\n<h2 data-start=\"2253\" data-end=\"2288\">\ud83c\udfaf \u00c0 QUI S\u2019ADRESSE CE PROGRAMME ?<\/h2>\n<p data-start=\"2290\" data-end=\"2332\">Ce programme n\u2019est pas pour tout le monde.<\/p>\n<p data-start=\"2334\" data-end=\"2347\">Il est pour :<\/p>\n<p>\u2022 Les \u00e9tudiants d\u00e9termin\u00e9s<br data-start=\"2375\" data-end=\"2378\" \/>\u2022 Ceux qui veulent du s\u00e9rieux<br data-start=\"2407\" data-end=\"2410\" \/>\u2022 Ceux qui veulent s\u2019installer 1 an<br data-start=\"2445\" data-end=\"2448\" \/>\u2022 Ceux qui veulent progresser en arabe r\u00e9ellement<br data-start=\"2488\" data-end=\"2491\" \/>\u2022 Ceux qui veulent investir dans leur avenir<\/p>\n<p><strong><span style=\"color: #ff0000;\">ouvert aux couples sans enfants<\/span><\/strong><\/p>\n<hr data-start=\"2828\" data-end=\"2831\" \/>\n<h1 data-start=\"2833\" data-end=\"2859\">\ud83d\udcc5 INSCRIPTIONS OUVERTES<\/h1>\n<p data-start=\"2861\" data-end=\"2941\">Les places sont limit\u00e9es pour maintenir un cadre s\u00e9rieux et un suivi qualitatif.<\/p>\n<article class=\"text-token-text-primary w-full\" dir=\"auto\" data-testid=\"conversation-turn-6\" data-scroll-anchor=\"true\">\n<div class=\"text-base my-auto mx-auto py-5 [--thread-content-margin:--spacing(4)] @[37rem]:[--thread-content-margin:--spacing(6)] @[72rem]:[--thread-content-margin:--spacing(16)] px-(--thread-content-margin)\">\n<div class=\"[--thread-content-max-width:32rem] @[34rem]:[--thread-content-max-width:40rem] @[64rem]:[--thread-content-max-width:48rem] mx-auto flex max-w-(--thread-content-max-width) flex-1 text-base gap-4 md:gap-5 lg:gap-6 group\/turn-messages focus-visible:outline-hidden\" tabindex=\"-1\">\n<div class=\"group\/conversation-turn relative flex w-full min-w-0 flex-col agent-turn\">\n<div class=\"relative flex-col gap-1 md:gap-3\">\n<div class=\"flex max-w-full flex-col grow\">\n<div class=\"min-h-8 text-message relative flex w-full flex-col items-end gap-2 text-start break-words whitespace-normal [.text-message+&amp;]:mt-5\" dir=\"auto\" data-message-author-role=\"assistant\" data-message-id=\"a00a410b-212e-4ae9-b2c3-913d854d0361\" data-message-model-slug=\"gpt-4-1\">\n<div class=\"flex w-full flex-col gap-1 empty:hidden first:pt-[3px]\">\n<div class=\"markdown prose dark:prose-invert w-full break-words light\">\n<h3 data-start=\"4018\" data-end=\"4048\"><img decoding=\"async\" class=\"emoji\" role=\"img\" draggable=\"false\" src=\"https:\/\/s.w.org\/images\/core\/emoji\/17.0.2\/svg\/1f4cc.svg\" alt=\"\ud83d\udccc\" \/>\u00a0Modalit\u00e9s d\u2019inscription<\/h3>\n<p data-start=\"4050\" data-end=\"4195\">\u00c0 r\u00e9ception du paiement, un lien vous sera envoy\u00e9 pour rejoindre un groupe WhatsApp d\u00e9di\u00e9, o\u00f9 toutes les informations utiles seront communiqu\u00e9es.<\/p>\n<\/div>\n<\/div>\n<\/div>\n<\/div>\n<\/div>\n<\/div>\n<\/div>\n<\/div>\n<\/article>\n<hr \/>\n<h1 data-start=\"1952\" data-end=\"1971\">\ud83d\udcb0 INVESTISSEMENT<\/h1>\n<h3 data-start=\"1973\" data-end=\"2011\">9 540 \u20ac \u2013 Programme Complet 12 Mois<\/h3>\n<h4 data-start=\"1973\" data-end=\"2011\"><strong>(non remboursable, non echangable)<\/strong><\/h4>\n<h3 data-start=\"2096\" data-end=\"2130\">\ud83d\udcb3 Paiement possible en 2 fois<\/h3>\n<p data-start=\"2132\" data-end=\"2246\">Quand on divise sur 12 mois, cela repr\u00e9sente 795\u20ac \/ mois pour vivre et \u00e9tudier \u00e0 M\u00e9dine avec visa inclus.<\/p>\n<article class=\"text-token-text-primary w-full\" dir=\"auto\" data-testid=\"conversation-turn-6\" data-scroll-anchor=\"true\">\n<div class=\"text-base my-auto mx-auto py-5 [--thread-content-margin:--spacing(4)] @[37rem]:[--thread-content-margin:--spacing(6)] @[72rem]:[--thread-content-margin:--spacing(16)] px-(--thread-content-margin)\">\n<div class=\"[--thread-content-max-width:32rem] @[34rem]:[--thread-content-max-width:40rem] @[64rem]:[--thread-content-max-width:48rem] mx-auto flex max-w-(--thread-content-max-width) flex-1 text-base gap-4 md:gap-5 lg:gap-6 group\/turn-messages focus-visible:outline-hidden\" tabindex=\"-1\">\n<div class=\"group\/conversation-turn relative flex w-full min-w-0 flex-col agent-turn\">\n<div class=\"relative flex-col gap-1 md:gap-3\">\n<div class=\"flex max-w-full flex-col grow\">\n<div class=\"min-h-8 text-message relative flex w-full flex-col items-end gap-2 text-start break-words whitespace-normal [.text-message+&amp;]:mt-5\" dir=\"auto\" data-message-author-role=\"assistant\" data-message-id=\"a00a410b-212e-4ae9-b2c3-913d854d0361\" data-message-model-slug=\"gpt-4-1\">\n<div class=\"flex w-full flex-col gap-1 empty:hidden first:pt-[3px]\">\n<div class=\"markdown prose dark:prose-invert w-full break-words light\">\n<hr data-start=\"4197\" data-end=\"4200\" \/>\n<h3 data-start=\"4202\" data-end=\"4231\"><img decoding=\"async\" class=\"emoji\" role=\"img\" draggable=\"false\" src=\"https:\/\/s.w.org\/images\/core\/emoji\/17.0.2\/svg\/1f4de.svg\" alt=\"\ud83d\udcde\" \/>\u00a0Contact &amp; Informations<\/h3>\n<ul>\n<li data-start=\"4235\" data-end=\"4276\">WhatsApp (uniquement)\u202f: +33 7 58 21 30 23<\/li>\n<li data-start=\"4279\" data-end=\"4311\">E-mail\u202f:\u00a0<a class=\"cursor-pointer\" rel=\"noopener\" data-start=\"4288\" data-end=\"4311\">contact@medinatouna.com<\/a><\/li>\n<li data-start=\"4312\" data-end=\"4338\">\n<p data-start=\"4314\" data-end=\"4338\">Instagram\u202f:\u00a0<strong><a href=\"https:\/\/www.instagram.com\/medinatouna\/?hl=fr\">@medinatouna<\/a><\/strong><\/p>\n<\/li>\n<\/ul>\n<\/div>\n<\/div>\n<\/div>\n<\/div>\n<\/div>\n<\/div>\n<\/div>\n<\/div>\n<\/article>\n<p>&nbsp;<\/p>\n<style>.mt-pd-faq{font-family:system-ui,-apple-system,Segoe UI,Roboto,Arial,sans-serif;background:#fff;border:1px solid #e5e7eb;border-radius:16px;padding:22px;margin:24px auto;max-width:1100px;color:#1f2937}.mt-pd-faq h2{font-size:1.45rem;margin:0 0 14px;color:#0f172a;display:flex;align-items:center;gap:10px;line-height:1.25}.mt-pd-faq details{border-bottom:1px solid #eef2f7;padding:14px 0}.mt-pd-faq details:last-child{border-bottom:none}.mt-pd-faq summary{cursor:pointer;font-weight:700;font-size:16px;color:#0f172a;list-style:none;display:flex;align-items:center;justify-content:space-between;gap:12px;padding:4px 0}.mt-pd-faq summary::-webkit-details-marker{display:none}.mt-pd-faq summary::after{content:\"+\";font-size:22px;color:#1a7a3a;transition:transform .2s ease;flex-shrink:0;font-weight:700}.mt-pd-faq details[open] summary::after{content:\"\\2212\"}.mt-pd-faq .faq-a{color:#475569;font-size:15px;line-height:1.6;margin-top:10px;padding-left:4px}.mt-pd-faq .faq-q-icon{display:inline-flex;align-items:center;justify-content:center;width:28px;height:28px;border-radius:50%;background:#f4fbf6;color:#1a7a3a;font-size:14px;flex-shrink:0;margin-right:10px;font-weight:700}.mt-pd-faq summary span.q-text{display:flex;align-items:center;flex:1}<\/style>\n<section class=\"mt-pd-faq\">\n<h2>\u2753 Questions fr\u00e9quentes<\/h2>\n<details>\n<summary><span class=\"q-text\"><span class=\"faq-q-icon\">?<\/span>Faut-il un visa pour partir \u00e0 M\u00e9dine ?<\/span><\/summary>\n<div class=\"faq-a\">Oui, un visa est n\u00e9cessaire pour entrer en Arabie Saoudite. Le visa touristique \u00e9lectronique (e-Visa) convient parfaitement \u00e0 nos packs. Nous proposons l&rsquo;option \u00ab Visa Touristique \u00bb \u00e0 +150 \u20ac pour vous accompagner dans la d\u00e9marche, ou vous pouvez le faire vous-m\u00eame via le site officiel saoudien.<\/div>\n<\/details>\n<details>\n<summary><span class=\"q-text\"><span class=\"faq-q-icon\">?<\/span>Quels sont les niveaux d&rsquo;arabe accept\u00e9s ?<\/span><\/summary>\n<div class=\"faq-a\">Tous les niveaux sont accept\u00e9s, du grand d\u00e9butant au plus avanc\u00e9. Nous proposons 12 niveaux progressifs bas\u00e9s sur la m\u00e9thode \u00e9gyptienne du Markaz Medinatouna. Un test de positionnement est r\u00e9alis\u00e9 \u00e0 votre arriv\u00e9e pour vous placer dans le groupe le plus adapt\u00e9.<\/div>\n<\/details>\n<details>\n<summary><span class=\"q-text\"><span class=\"faq-q-icon\">?<\/span>Combien d&rsquo;heures de cours sont pr\u00e9vues par mois ?<\/span><\/summary>\n<div class=\"faq-a\">+38 heures de cours d&rsquo;arabe intensifs par mois, r\u00e9parties du dimanche au jeudi. L&rsquo;enseignement se fait 100 % en arabe pour favoriser une immersion totale et une progression rapide.<\/div>\n<\/details>\n<details>\n<summary><span class=\"q-text\"><span class=\"faq-q-icon\">?<\/span>Les enfants peuvent-ils participer ?<\/span><\/summary>\n<div class=\"faq-a\">Oui, les enfants sont accept\u00e9s d\u00e8s 7 ans dans les cours. Nos packs familles peuvent accueillir jusqu&rsquo;\u00e0 6 personnes par famille avec h\u00e9bergement adapt\u00e9 (appartement ou studio priv\u00e9).<\/div>\n<\/details>\n<details>\n<summary><span class=\"q-text\"><span class=\"faq-q-icon\">?<\/span>L&rsquo;Omra est-elle vraiment incluse dans le prix ?<\/span><\/summary>\n<div class=\"faq-a\">Oui, l&rsquo;Omra compl\u00e8te est incluse : h\u00f4tel Kiswa Tower (ou \u00e9quivalent) \u00e0 La Mecque, transport M\u00e9dine \u2194 La Mecque organis\u00e9, et guide francophone pour vous accompagner dans les rites. Aucun suppl\u00e9ment \u00e0 pr\u00e9voir pour la Omra.<\/div>\n<\/details>\n<details>\n<summary><span class=\"q-text\"><span class=\"faq-q-icon\">?<\/span>O\u00f9 se trouve l&rsquo;h\u00e9bergement par rapport au Masjid An-Nabawi ?<\/span><\/summary>\n<div class=\"faq-a\">L&rsquo;h\u00e9bergement est situ\u00e9 \u00e0 15\u201318 minutes \u00e0 pied du Masjid An-Nabawi. Vous logez dans un appartement meubl\u00e9 climatis\u00e9, \u00e9quip\u00e9 Wi-Fi et cuisine, dans un quartier calme et s\u00e9curis\u00e9.<\/div>\n<\/details>\n<details>\n<summary><span class=\"q-text\"><span class=\"faq-q-icon\">?<\/span>Le s\u00e9jour est-il adapt\u00e9 aux femmes seules ou couples ?<\/span><\/summary>\n<div class=\"faq-a\">Oui. Nous accueillons fr\u00e8res, s\u0153urs (avec mahram), couples et familles. Les femmes seules logent dans des appartements d\u00e9di\u00e9s avec sessions de cours H\/F s\u00e9par\u00e9es. Couples et familles disposent d&rsquo;appartements priv\u00e9s.<\/div>\n<\/details>\n<details>\n<summary><span class=\"q-text\"><span class=\"faq-q-icon\">?<\/span>Quels sont les moyens de paiement accept\u00e9s ?<\/span><\/summary>\n<div class=\"faq-a\">Vous pouvez r\u00e9gler par carte bancaire, virement, ou PayPal. Un paiement en plusieurs fois sans frais est disponible sur certains packs. Le paiement s\u00e9curise votre place \u2014 places limit\u00e9es par session.<\/div>\n<\/details>\n<details>\n<summary><span class=\"q-text\"><span class=\"faq-q-icon\">?<\/span>Que se passe-t-il en cas d&rsquo;annulation ?<\/span><\/summary>\n<div class=\"faq-a\">En cas d&rsquo;annulation plus de 30 jours avant le d\u00e9part, un remboursement partiel est possible (hors frais de dossier). Pour toute annulation tardive, nous \u00e9tudions chaque cas individuellement et privil\u00e9gions un report sur une session ult\u00e9rieure.<\/div>\n<\/details>\n<details>\n<summary><span class=\"q-text\"><span class=\"faq-q-icon\">?<\/span>Le transport depuis l&rsquo;a\u00e9roport est-il inclus ?<\/span><\/summary>\n<div class=\"faq-a\">L&rsquo;accueil et le transport entre l&rsquo;a\u00e9roport de M\u00e9dine et votre h\u00e9bergement ne sont pas inclus par d\u00e9faut, mais nous pouvons l&rsquo;organiser sur demande. Toutes les indications n\u00e9cessaires vous sont fournies via le groupe WhatsApp priv\u00e9 avant votre arriv\u00e9e.<\/div>\n<\/details>\n<details>\n<summary><span class=\"q-text\"><span class=\"faq-q-icon\">?<\/span>Y a-t-il des activit\u00e9s propos\u00e9es en dehors des cours ?<\/span><\/summary>\n<div class=\"faq-a\">Oui : visites des sites historiques de M\u00e9dine (Quba, Uhud, Qiblatain), excursions familiales, et accompagnement spirituel. Des options payantes sont disponibles : trottinette \u00e9lectrique (+160 \u20ac), v\u00e9lo\/mois (+110 \u20ac).<\/div>\n<\/details>\n<details>\n<summary><span class=\"q-text\"><span class=\"faq-q-icon\">?<\/span>Quelles sont les dates de d\u00e9part disponibles ?<\/span><\/summary>\n<div class=\"faq-a\">Les d\u00e9parts sont programm\u00e9s chaque mois. Les arriv\u00e9es se font entre le 1\u1d49\u02b3 et le 4 du mois, avec une session du 1 au 30\/31. Vous choisissez librement la dur\u00e9e selon le pack et votre disponibilit\u00e9.<\/div>\n<\/details>\n<details>\n<summary><span class=\"q-text\"><span class=\"faq-q-icon\">?<\/span>Que dois-je apporter avec moi ?<\/span><\/summary>\n<div class=\"faq-a\">Vos v\u00eatements adapt\u00e9s (climat chaud, tenues respectueuses), votre n\u00e9cessaire pour l&rsquo;Omra (ihram pour les hommes), vos m\u00e9dicaments personnels et un adaptateur de prise type G. Nous vous envoyons une checklist compl\u00e8te avant le d\u00e9part.<\/div>\n<\/details>\n<\/section>\n","protected":false},"excerpt":{"rendered":"<h1 style=\"text-align: center;\" data-start=\"2544\" data-end=\"2582\">\ud83d\udd25ELITE IMMERSION IN MEDINA<\/h1>\n<h2 style=\"text-align: center;\" data-start=\"230\" data-end=\"278\">INTENSIVE ARABIC LANGUAGE SESSION \u2013<span style=\"color: #ff6600;\"><strong> 12 MONTHS<\/strong><\/span><\/h2>\n<h2 style=\"text-align: center;\" data-start=\"279\" data-end=\"326\">\ud83c\udf93<span style=\"color: #ff6600;\"><strong> Business Visa Included<\/strong><\/span><\/h2>\n<h3 style=\"text-align: center;\" data-start=\"279\" data-end=\"326\"><span style=\"color: #ff6600;\"><strong>\u00a0 \u00a0 \u00a0 \u00a0(Valid for 4 years for French citizens)<\/strong><\/span><\/h3>\n<h2 data-start=\"1973\" data-end=\"2011\">Complete 12-Month Program<\/h2>\n<h3 data-start=\"2013\" data-end=\"2094\"><strong>\u2714 Intensive courses<\/strong><br data-start=\"2030\" data-end=\"2033\" \/><strong>\u2714 Accommodation<\/strong><br data-start=\"2046\" data-end=\"2049\" \/><strong>\u2714 Business Visa (4 years for French citizens)<\/strong><br data-start=\"2069\" data-end=\"2072\" \/><strong>\u2714 <span style=\"color: #ff0000;\">12 Umrah pilgrimages (1 to 2 per month)<\/span><\/strong><br data-start=\"2078\" data-end=\"2081\" \/><strong>\u2714 Activities<\/strong><\/h3>","protected":false},"featured_media":0,"comment_status":"open","ping_status":"closed","template":"","meta":{"saved_in_kubio":false},"product_brand":[],"product_cat":[26],"product_tag":[],"class_list":{"0":"post-1172","1":"product","2":"type-product","3":"status-publish","5":"product_cat-packs-langue-arabe","7":"first","8":"instock","9":"shipping-taxable","10":"purchasable","11":"product-type-simple"},"_links":{"self":[{"href":"https:\/\/medinatouna.shop\/en\/wp-json\/wp\/v2\/product\/1172","targetHints":{"allow":["GET"]}}],"collection":[{"href":"https:\/\/medinatouna.shop\/en\/wp-json\/wp\/v2\/product"}],"about":[{"href":"https:\/\/medinatouna.shop\/en\/wp-json\/wp\/v2\/types\/product"}],"replies":[{"embeddable":true,"href":"https:\/\/medinatouna.shop\/en\/wp-json\/wp\/v2\/comments?post=1172"}],"wp:attachment":[{"href":"https:\/\/medinatouna.shop\/en\/wp-json\/wp\/v2\/media?parent=1172"}],"wp:term":[{"taxonomy":"product_brand","embeddable":true,"href":"https:\/\/medinatouna.shop\/en\/wp-json\/wp\/v2\/product_brand?post=1172"},{"taxonomy":"product_cat","embeddable":true,"href":"https:\/\/medinatouna.shop\/en\/wp-json\/wp\/v2\/product_cat?post=1172"},{"taxonomy":"product_tag","embeddable":true,"href":"https:\/\/medinatouna.shop\/en\/wp-json\/wp\/v2\/product_tag?post=1172"}],"curies":[{"name":"wp","href":"https:\/\/api.w.org\/{rel}","templated":true}]}}