{"id":10,"date":"2025-08-16T18:57:41","date_gmt":"2025-08-16T18:57:41","guid":{"rendered":"https:\/\/medinatouna.shop\/?page_id=10"},"modified":"2025-08-17T12:35:41","modified_gmt":"2025-08-17T12:35:41","slug":"accueil","status":"publish","type":"page","link":"https:\/\/medinatouna.shop\/fr\/accueil\/","title":{"rendered":"Accueil"},"content":{"rendered":"<p>Num\u00e9ro cool<br \/>\n\t\t\t\t0<\/p>\n<h1>Omra, h\u00e9bergements &amp; activit\u00e9s exclusives \u00e0 M\u00e9dine<\/h1>\n<h2>Appartements, Omra organis\u00e9e et packs exclusifs, adapt\u00e9s \u00e0 vos besoins<\/h2>\n<h6>S\u00e9jour Unique \u00e0 M\u00e9dine :Langue Arabe, Omra et Activit\u00e9s<\/h6>\n<p>\t\t\t\t\t\t\t\t\t\t<a href=\"#\"><br \/>\n\t\t\t\t\t\t\t\t\treservez !<br \/>\n\t\t\t\t\t<\/a><br \/>\n\t\t\t\t\t\t\t\t\t\t\t\t\t\t\t\t\t\t\t<img loading=\"lazy\" decoding=\"async\" width=\"791\" height=\"623\" src=\"https:\/\/medinatouna.shop\/wp-content\/uploads\/2025\/08\/Capture-decran-2025-08-17-150010.png\" alt=\"\" srcset=\"https:\/\/medinatouna.shop\/wp-content\/uploads\/2025\/08\/Capture-decran-2025-08-17-150010.png 791w, https:\/\/medinatouna.shop\/wp-content\/uploads\/2025\/08\/Capture-decran-2025-08-17-150010-300x236.png 300w, https:\/\/medinatouna.shop\/wp-content\/uploads\/2025\/08\/Capture-decran-2025-08-17-150010-768x605.png 768w\" sizes=\"(max-width: 791px) 100vw, 791px\" \/>\t\t\t\t\t\t\t\t\t\t\t\t\t\t\t\t\t\t\t\t\t\t\t\t\t\t<img loading=\"lazy\" decoding=\"async\" width=\"1024\" height=\"1024\" src=\"https:\/\/medinatouna.shop\/wp-content\/uploads\/2025\/08\/ChatGPT-Image-19-mai-2025-21_42_39.png\" alt=\"\" srcset=\"https:\/\/medinatouna.shop\/wp-content\/uploads\/2025\/08\/ChatGPT-Image-19-mai-2025-21_42_39.png 1024w, https:\/\/medinatouna.shop\/wp-content\/uploads\/2025\/08\/ChatGPT-Image-19-mai-2025-21_42_39-300x300.png 300w, https:\/\/medinatouna.shop\/wp-content\/uploads\/2025\/08\/ChatGPT-Image-19-mai-2025-21_42_39-150x150.png 150w, https:\/\/medinatouna.shop\/wp-content\/uploads\/2025\/08\/ChatGPT-Image-19-mai-2025-21_42_39-768x768.png 768w\" sizes=\"(max-width: 1024px) 100vw, 1024px\" \/>\t\t\t\t\t\t\t\t\t\t\t\t\t\t\t\t\t\t\t\t\t\t\t\t\t\t<img loading=\"lazy\" decoding=\"async\" width=\"525\" height=\"791\" src=\"https:\/\/medinatouna.shop\/wp-content\/uploads\/2025\/08\/Capture-decran-2025-08-12-082015.png\" alt=\"\" srcset=\"https:\/\/medinatouna.shop\/wp-content\/uploads\/2025\/08\/Capture-decran-2025-08-12-082015.png 525w, https:\/\/medinatouna.shop\/wp-content\/uploads\/2025\/08\/Capture-decran-2025-08-12-082015-199x300.png 199w\" sizes=\"(max-width: 525px) 100vw, 525px\" \/>\t\t\t\t\t\t\t\t\t\t\t\t\t\t\t\t\t\t\t\t\t\t\t\t\t\t<img loading=\"lazy\" decoding=\"async\" width=\"527\" height=\"790\" src=\"https:\/\/medinatouna.shop\/wp-content\/uploads\/2025\/08\/Capture-decran-2025-08-12-083541.png\" alt=\"\" srcset=\"https:\/\/medinatouna.shop\/wp-content\/uploads\/2025\/08\/Capture-decran-2025-08-12-083541.png 527w, https:\/\/medinatouna.shop\/wp-content\/uploads\/2025\/08\/Capture-decran-2025-08-12-083541-200x300.png 200w\" sizes=\"(max-width: 527px) 100vw, 527px\" \/>\t\t\t\t\t\t\t\t\t\t\t\t\t\t\t\t\t\t\t\t\t\t\t\t\t\t<img loading=\"lazy\" decoding=\"async\" width=\"683\" height=\"1024\" src=\"https:\/\/medinatouna.shop\/wp-content\/uploads\/2025\/08\/ChatGPT-Image-19-mai-2025-21_34_56-683x1024.png\" alt=\"\" srcset=\"https:\/\/medinatouna.shop\/wp-content\/uploads\/2025\/08\/ChatGPT-Image-19-mai-2025-21_34_56-683x1024.png 683w, https:\/\/medinatouna.shop\/wp-content\/uploads\/2025\/08\/ChatGPT-Image-19-mai-2025-21_34_56-200x300.png 200w, https:\/\/medinatouna.shop\/wp-content\/uploads\/2025\/08\/ChatGPT-Image-19-mai-2025-21_34_56-768x1152.png 768w, https:\/\/medinatouna.shop\/wp-content\/uploads\/2025\/08\/ChatGPT-Image-19-mai-2025-21_34_56.png 1024w\" sizes=\"(max-width: 683px) 100vw, 683px\" \/>\t\t\t\t\t\t\t\t\t\t\t\t\t\t\t\t<\/p>\n<h3>omra<\/h3>\n<p>Medinatouna vous propose des appartements confortables \u00e0 M\u00e9dine, des Omra accompagn\u00e9es et des s\u00e9jours personnalis\u00e9s. Profitez d\u2019un service de qualit\u00e9 et vivez une exp\u00e9rience authentique dans la Ville du Proph\u00e8te \ufdfa<\/p>\n<p>\t\t\t\t\t\t\t\t<a href=\"#\"><br \/>\n\t\t\t\t\t\t\t\t\tLearn more<br \/>\n\t\t\t\t\t<\/a><\/p>\n<h3>Nos services<\/h3>\n<p>This text briefly introduces visitors to your main services.<\/p>\n<h4><a href=\"#\">Service 1<\/a><\/h4>\n<p>A short description of the service and how the visitor will benefit from it.<\/p>\n<figure><a href=\"#\" tabindex=\"-1\"><img loading=\"lazy\" decoding=\"async\" width=\"789\" height=\"789\" src=\"https:\/\/medinatouna.shop\/wp-content\/uploads\/2025\/08\/Capture-decran-2025-08-12-082932.png\" alt=\"\" srcset=\"https:\/\/medinatouna.shop\/wp-content\/uploads\/2025\/08\/Capture-decran-2025-08-12-082932.png 789w, https:\/\/medinatouna.shop\/wp-content\/uploads\/2025\/08\/Capture-decran-2025-08-12-082932-300x300.png 300w, https:\/\/medinatouna.shop\/wp-content\/uploads\/2025\/08\/Capture-decran-2025-08-12-082932-150x150.png 150w, https:\/\/medinatouna.shop\/wp-content\/uploads\/2025\/08\/Capture-decran-2025-08-12-082932-768x768.png 768w\" sizes=\"(max-width: 789px) 100vw, 789px\" \/><\/a><\/figure>\n<h4><a href=\"#\">Service 2<\/a><\/h4>\n<p>A short description of the service and how the visitor will benefit from it.<\/p>\n<figure><a href=\"#\" tabindex=\"-1\"><img loading=\"lazy\" decoding=\"async\" width=\"683\" height=\"600\" src=\"https:\/\/medinatouna.shop\/wp-content\/uploads\/2025\/08\/Image_Placeholder-about.jpeg\" alt=\"\" srcset=\"https:\/\/medinatouna.shop\/wp-content\/uploads\/2025\/08\/Image_Placeholder-about.jpeg 683w, https:\/\/medinatouna.shop\/wp-content\/uploads\/2025\/08\/Image_Placeholder-about-300x264.jpeg 300w\" sizes=\"(max-width: 683px) 100vw, 683px\" \/><\/a><\/figure>\n<h4><a href=\"#\">Service 3<\/a><\/h4>\n<p>A short description of the service and how the visitor will benefit from it.<\/p>\n<figure><a href=\"#\" tabindex=\"-1\"><img loading=\"lazy\" decoding=\"async\" width=\"683\" height=\"600\" src=\"https:\/\/medinatouna.shop\/wp-content\/uploads\/2025\/08\/Image_Placeholder-about.jpeg\" alt=\"\" srcset=\"https:\/\/medinatouna.shop\/wp-content\/uploads\/2025\/08\/Image_Placeholder-about.jpeg 683w, https:\/\/medinatouna.shop\/wp-content\/uploads\/2025\/08\/Image_Placeholder-about-300x264.jpeg 300w\" sizes=\"(max-width: 683px) 100vw, 683px\" \/><\/a><\/figure>\n<h4><a href=\"#\">Service 4<\/a><\/h4>\n<p>A short description of the service and how the visitor will benefit from it.<\/p>\n<h3>Nos atouts<\/h3>\n<h4>\n\t\t\t\t\t\t\tbenefit 2<br \/>\n\t\t\t\t\t<\/h4>\n<p>\n\t\t\t\t\t\tA short description of the benefit.\t\t\t\t\t<\/p>\n<h4>\n\t\t\t\t\t\t\tbenefit 3<br \/>\n\t\t\t\t\t<\/h4>\n<p>\n\t\t\t\t\t\tA short description of the benefit.\t\t\t\t\t<\/p>\n<h4>\n\t\t\t\t\t\t\tbenefit 4<br \/>\n\t\t\t\t\t<\/h4>\n<p>\n\t\t\t\t\t\tA short description of the benefit.\t\t\t\t\t<\/p>\n<h3>Client Testimonials<\/h3>\n<p>\t\t\t\t\t\t\t\u201cA testimonial from a client who benefited from your product or service. Testimonials can be a highly effective way of establishing credibility and increasing your company&rsquo;s reputation.\u201d<br \/>\n\t\t\t\t\t\t\t<img loading=\"lazy\" decoding=\"async\" width=\"63\" height=\"63\" src=\"https:\/\/medinatouna.shop\/wp-content\/uploads\/2025\/08\/Image-Testemonials.jpeg\" alt=\"\" \/><br \/>\n\t\t\t\t\t\t\t\t\t\t\t\t\t\tClient Name<br \/>\n\t\t\t\t\t\t\t\u201cA testimonial from a client who benefited from your product or service. Testimonials can be a highly effective way of establishing credibility and increasing your company&rsquo;s reputation.\u201d<br \/>\n\t\t\t\t\t\t\t<img loading=\"lazy\" decoding=\"async\" width=\"63\" height=\"63\" src=\"https:\/\/medinatouna.shop\/wp-content\/uploads\/2025\/08\/Image-Testemonials.jpeg\" alt=\"\" \/><br \/>\n\t\t\t\t\t\t\t\t\t\t\t\t\t\tClient Name<br \/>\n\t\t\t\t\t\t\t\u201cA testimonial from a client who benefited from your product or service. Testimonials can be a highly effective way of establishing credibility and increasing your company&rsquo;s reputation.\u201d<br \/>\n\t\t\t\t\t\t\t<img loading=\"lazy\" decoding=\"async\" width=\"63\" height=\"63\" src=\"https:\/\/medinatouna.shop\/wp-content\/uploads\/2025\/08\/Image-Testemonials.jpeg\" alt=\"\" \/><br \/>\n\t\t\t\t\t\t\t\t\t\t\t\t\t\tClient Name<\/p>\n<h3>A Title to Turn the Visitor Into a Lead<\/h3>\n<p>\t\tUse this short paragraph to explain how you will deliver this benefit to the visitor if they decide to work with you.\t\t\t\t\t\t\t\t<a href=\"#\"><br \/>\n\t\t\t\t\t\t\t\t\tLearn more<br \/>\n\t\t\t\t\t<\/a><br \/>\n\t\t\t\t\t\t\t\t\t\t\t\t\t\t\t\t\t\t\t<img loading=\"lazy\" decoding=\"async\" width=\"52\" height=\"23\" src=\"https:\/\/medinatouna.shop\/wp-content\/uploads\/2025\/08\/logo.svg\" alt=\"\" \/>\t\t\t\t\t\t\t\t\t\t\t\t\t\t\t\t\t\t<\/p>\n<ul>\n<li>\n\t\t\t\t\t\t\t\t\t\t123-456-7890\n\t\t\t\t\t\t\t\t\t<\/li>\n<li>\n\t\t\t\t\t\t\t\t\t\t123 Main Street, New York, NY 10001\n\t\t\t\t\t\t\t\t\t<\/li>\n<li>\n\t\t\t\t\t\t\t\t\t\tMon-Fri 9:00AM &#8211; 5:00PM\n\t\t\t\t\t\t\t\t\t<\/li>\n<\/ul>\n<p>\t\t\t\t\t<a target=\"_blank\"><br \/>\n\t\t\t\t\t\tFacebook-f<br \/>\n\t\t\t\t\t\t<svg viewBox=\"0 0 320 512\" xmlns=\"http:\/\/www.w3.org\/2000\/svg\"><path d=\"M279.14 288l14.22-92.66h-88.91v-60.13c0-25.35 12.42-50.06 52.24-50.06h40.42V6.26S260.43 0 225.36 0c-73.22 0-121.08 44.38-121.08 124.72v70.62H22.89V288h81.39v224h100.17V288z\"><\/path><\/svg>\t\t\t\t\t<\/a><br \/>\n\t\t\t\t\t<a target=\"_blank\"><br \/>\n\t\t\t\t\t\t<svg xmlns=\"http:\/\/www.w3.org\/2000\/svg\" id=\"aaf4d88f-6908-42b9-b3d6-5d6a3ec06a43\" data-name=\"Layer 1\" width=\"27\" height=\"26\" viewBox=\"0 0 27 26\"><path d=\"M26.9922,13.12c0-1.952.0071-3.904-.0054-5.856a7.4912,7.4912,0,0,0-.12-1.3338,6.9762,6.9762,0,0,0-2.4989-4.1911,7.3149,7.3149,0,0,0-4.73-1.7279c-4.031-.02-8.0623-.0061-12.0935-.0071a7.347,7.347,0,0,0-3.6653.907,6.9367,6.9367,0,0,0-3.85,6.2265C-.025,11.0332.0121,14.93.0169,18.8272a6.5069,6.5069,0,0,0,.8908,3.3475A7.2785,7.2785,0,0,0,7.419,25.9708c4.0565.0558,8.1145.0148,12.1719.0131a7.6378,7.6378,0,0,0,4.9015-1.8408,6.9218,6.9218,0,0,0,2.4928-5.276C27.0143,16.9517,26.9915,15.0354,26.9922,13.12ZM13.4174,20.21a7.3625,7.3625,0,0,1-7.4061-7.2182,7.3505,7.3505,0,0,1,7.4992-7.2115,7.3516,7.3516,0,0,1,7.4852,7.2146A7.37,7.37,0,0,1,13.4174,20.21ZM22.4962,5.7791a1.48,1.48,0,0,1-1.5005-1.4476,1.5014,1.5014,0,0,1,3-.0009A1.481,1.481,0,0,1,22.4962,5.7791Z\" transform=\"translate(0 0)\" style=\"fill-rule:evenodd\"><\/path><path d=\"M13.4969,8.3571a4.7331,4.7331,0,0,0-4.8183,4.6445,4.74,4.74,0,0,0,4.8241,4.6413,4.74,4.74,0,0,0,4.8187-4.6466A4.7342,4.7342,0,0,0,13.4969,8.3571Z\" transform=\"translate(0 0)\" style=\"fill-rule:evenodd\"><\/path><\/svg>\t\t\t\t\t<\/a><br \/>\n\t\t\t\t\t<a target=\"_blank\"><br \/>\n\t\t\t\t\t\tTwitter<br \/>\n\t\t\t\t\t\t<svg viewBox=\"0 0 512 512\" xmlns=\"http:\/\/www.w3.org\/2000\/svg\"><path d=\"M459.37 151.716c.325 4.548.325 9.097.325 13.645 0 138.72-105.583 298.558-298.558 298.558-59.452 0-114.68-17.219-161.137-47.106 8.447.974 16.568 1.299 25.34 1.299 49.055 0 94.213-16.568 130.274-44.832-46.132-.975-84.792-31.188-98.112-72.772 6.498.974 12.995 1.624 19.818 1.624 9.421 0 18.843-1.3 27.614-3.573-48.081-9.747-84.143-51.98-84.143-102.985v-1.299c13.969 7.797 30.214 12.67 47.431 13.319-28.264-18.843-46.781-51.005-46.781-87.391 0-19.492 5.197-37.36 14.294-52.954 51.655 63.675 129.3 105.258 216.365 109.807-1.624-7.797-2.599-15.918-2.599-24.04 0-57.828 46.782-104.934 104.934-104.934 30.213 0 57.502 12.67 76.67 33.137 23.715-4.548 46.456-13.32 66.599-25.34-7.798 24.366-24.366 44.833-46.132 57.827 21.117-2.273 41.584-8.122 60.426-16.243-14.292 20.791-32.161 39.308-52.628 54.253z\"><\/path><\/svg>\t\t\t\t\t<\/a><\/p>\n<p>\u00a9 All Rights Reserved.<\/p>\n","protected":false},"excerpt":{"rendered":"<p>Num\u00e9ro cool 0 Omra, h\u00e9bergements &amp; activit\u00e9s exclusives \u00e0 M\u00e9dine Appartements, Omra organis\u00e9e et packs exclusifs, adapt\u00e9s \u00e0 vos besoins S\u00e9jour Unique \u00e0 M\u00e9dine :Langue Arabe, Omra et Activit\u00e9s reservez ! omra Medinatouna vous propose des appartements confortables \u00e0 M\u00e9dine, des Omra accompagn\u00e9es et des s\u00e9jours personnalis\u00e9s. Profitez d\u2019un service de qualit\u00e9 et vivez une [&hellip;]<\/p>\n","protected":false},"author":1,"featured_media":0,"parent":0,"menu_order":0,"comment_status":"closed","ping_status":"closed","template":"","meta":{"saved_in_kubio":false,"footnotes":""},"class_list":["post-10","page","type-page","status-publish","hentry"],"kubio_ai_page_context":{"short_desc":"","purpose":"general"},"_links":{"self":[{"href":"https:\/\/medinatouna.shop\/fr\/wp-json\/wp\/v2\/pages\/10","targetHints":{"allow":["GET"]}}],"collection":[{"href":"https:\/\/medinatouna.shop\/fr\/wp-json\/wp\/v2\/pages"}],"about":[{"href":"https:\/\/medinatouna.shop\/fr\/wp-json\/wp\/v2\/types\/page"}],"author":[{"embeddable":true,"href":"https:\/\/medinatouna.shop\/fr\/wp-json\/wp\/v2\/users\/1"}],"replies":[{"embeddable":true,"href":"https:\/\/medinatouna.shop\/fr\/wp-json\/wp\/v2\/comments?post=10"}],"version-history":[{"count":0,"href":"https:\/\/medinatouna.shop\/fr\/wp-json\/wp\/v2\/pages\/10\/revisions"}],"wp:attachment":[{"href":"https:\/\/medinatouna.shop\/fr\/wp-json\/wp\/v2\/media?parent=10"}],"curies":[{"name":"wp","href":"https:\/\/api.w.org\/{rel}","templated":true}]}}