{"id":1043,"date":"2026-02-05T09:03:41","date_gmt":"2026-02-05T09:03:41","guid":{"rendered":"https:\/\/medinatouna.shop\/?post_type=product&#038;p=1043"},"modified":"2026-04-25T03:47:46","modified_gmt":"2026-04-25T03:47:46","slug":"promo-pack-special-avril-mai","status":"publish","type":"product","link":"https:\/\/medinatouna.shop\/fr\/produit\/promo-pack-special-avril-mai\/","title":{"rendered":"Promo Pack Sp\u00e9cial Avril \u2013 Mai"},"content":{"rendered":"<h2 style=\"text-align: center;\"><strong>\u00a0<\/strong>\ud83d\udfe2 Pack Sp\u00e9cial Avril \u2013 Mai 2026<\/h2>\n<h3 style=\"text-align: center;\" data-start=\"239\" data-end=\"282\"><strong data-start=\"243\" data-end=\"282\">Langue Arabe &amp; H\u00e9bergement \u00e0 M\u00e9dine<\/strong><\/h3>\n<h3 style=\"text-align: center;\" data-start=\"284\" data-end=\"356\"><strong>\ud83d\udcb0 495 \u20ac \/ mois<\/strong><\/h3>\n<h2 data-start=\"616\" data-end=\"645\">Ce que comprend le Pack<\/h2>\n<ul>\n<li data-start=\"647\" data-end=\"685\"><strong><span style=\"color: #ff6600;\">Cours intensifs de langue arabe<\/span><\/strong><\/li>\n<li data-start=\"647\" data-end=\"685\"><strong><span style=\"color: #ff6600;\">H\u00e9bergement meubl\u00e9 \u00e0 M\u00e9dine<\/span><\/strong><\/li>\n<li data-start=\"647\" data-end=\"685\"><strong><span style=\"color: #ff6600;\">Activit\u00e9s &amp; Exp\u00e9riences Incluses<\/span><\/strong><\/li>\n<\/ul>\n<h3><span style=\"color: #ff0000;\"><strong>R\u00e9serv\u00e9 uniquement aux hommes.<\/strong><\/span><\/h3>\n<h3><a href=\"https:\/\/medinatouna.shop\/fr\/produit\/sejour-familial-a-medine-premium-apprenez-larabe-au-coeur-de-la-ville-du-prophete-%ef%b7%ba\/\"><span style=\"color: #993300;\"><strong>pour les familles cliquez ici<\/strong><\/span><\/a><\/h3>\n<p><strong>pas de Omra dans le pack<\/strong><\/p>\n<hr data-start=\"358\" data-end=\"361\" \/>\n<h2 data-start=\"363\" data-end=\"385\">\ud83c\udfaf Objectif du Pack<\/h2>\n<p data-start=\"386\" data-end=\"609\">Acqu\u00e9rir <strong data-start=\"395\" data-end=\"432\">des bases solides en langue arabe<\/strong> gr\u00e2ce \u00e0 un enseignement intensif, tout en profitant d\u2019un <strong data-start=\"490\" data-end=\"546\">h\u00e9bergement confortable \u00e0 proximit\u00e9 du Masjid Nabawi<\/strong>, dans un cadre propice \u00e0 l\u2019apprentissage et \u00e0 la spiritualit\u00e9.<\/p>\n<hr \/>\n<h3 data-start=\"647\" data-end=\"685\">\ud83d\udcdd Cours intensifs de langue arabe<\/h3>\n<ul data-start=\"686\" data-end=\"1093\">\n<li data-start=\"686\" data-end=\"740\">\n<p data-start=\"688\" data-end=\"740\"><strong data-start=\"688\" data-end=\"724\">+de 35 heures de cours par mois<\/strong> selon le niveau<\/p>\n<\/li>\n<li data-start=\"787\" data-end=\"839\">\n<p data-start=\"789\" data-end=\"839\">Enseignement <strong data-start=\"802\" data-end=\"820\">100 % en arabe<\/strong> (immersion totale)<\/p>\n<\/li>\n<li data-start=\"840\" data-end=\"879\">\n<p data-start=\"842\" data-end=\"879\"><strong data-start=\"842\" data-end=\"879\">Programme structur\u00e9 et progressif<\/strong><\/p>\n<\/li>\n<li data-start=\"880\" data-end=\"923\">\n<p data-start=\"882\" data-end=\"923\"><strong data-start=\"882\" data-end=\"923\">Professeurs qualifi\u00e9s et exp\u00e9riment\u00e9s<\/strong><\/p>\n<\/li>\n<li data-start=\"924\" data-end=\"969\">\n<p data-start=\"926\" data-end=\"969\"><strong data-start=\"926\" data-end=\"969\">M\u00e9thode \u00e9gyptienne \u2013 Markaz Medinatouna<\/strong><\/p>\n<\/li>\n<li data-start=\"970\" data-end=\"998\">\n<p data-start=\"972\" data-end=\"998\"><strong data-start=\"972\" data-end=\"998\">11 niveaux disponibles<\/strong><\/p>\n<\/li>\n<li data-start=\"999\" data-end=\"1030\">\n<p data-start=\"1001\" data-end=\"1030\">Test d\u2019\u00e9valuation \u00e0 l\u2019arriv\u00e9e<\/p>\n<\/li>\n<li data-start=\"1031\" data-end=\"1093\">\n<p data-start=\"1033\" data-end=\"1093\">Tous niveaux accept\u00e9s : du <strong data-start=\"1060\" data-end=\"1078\">grand d\u00e9butant<\/strong> \u00e0 l\u2019<strong data-start=\"1083\" data-end=\"1093\">avanc\u00e9<\/strong><\/p>\n<\/li>\n<\/ul>\n<hr data-start=\"1095\" data-end=\"1098\" \/>\n<h3 data-start=\"1100\" data-end=\"1134\">\ud83c\udfe0 H\u00e9bergement meubl\u00e9 \u00e0 M\u00e9dine<\/h3>\n<ul data-start=\"1135\" data-end=\"1406\">\n<li data-start=\"1135\" data-end=\"1210\">\n<p data-start=\"1137\" data-end=\"1210\">Situ\u00e9 \u00e0 <strong data-start=\"1145\" data-end=\"1169\">15\u201318 minutes \u00e0 pied<\/strong> du <span class=\"hover:entity-accent entity-underline inline cursor-pointer align-baseline\"><span class=\"whitespace-normal\">Masjid Nabawi<\/span><\/span><\/p>\n<\/li>\n<li data-start=\"1211\" data-end=\"1245\">\n<p data-start=\"1213\" data-end=\"1245\">Studios ou appartements spacieux<\/p>\n<\/li>\n<li data-start=\"1246\" data-end=\"1306\">\n<p data-start=\"1248\" data-end=\"1306\">Colocation organis\u00e9e (2 \u00e0 3 personnes maximum par chambre)<\/p>\n<\/li>\n<li data-start=\"1307\" data-end=\"1364\">\n<p data-start=\"1309\" data-end=\"1364\">Appartements ou studios priv\u00e9s pour familles et couples<\/p>\n<\/li>\n<li data-start=\"1365\" data-end=\"1382\">\n<p data-start=\"1367\" data-end=\"1382\">Cuisine \u00e9quip\u00e9e<\/p>\n<\/li>\n<li data-start=\"1383\" data-end=\"1390\">\n<p data-start=\"1385\" data-end=\"1390\">Wi-Fi<\/p>\n<\/li>\n<li data-start=\"1391\" data-end=\"1406\">\n<p data-start=\"1393\" data-end=\"1406\">Climatisation<\/p>\n<\/li>\n<\/ul>\n<p><img decoding=\"async\" src=\"https:\/\/medinatouna.shop\/wp-content\/uploads\/2025\/11\/appartement-sohman-11-225x300.jpg\" \/> <img decoding=\"async\" src=\"https:\/\/medinatouna.com\/wp-content\/uploads\/2025\/02\/IMG_4534-225x300.jpg\" \/> <img decoding=\"async\" src=\"https:\/\/medinatouna.com\/wp-content\/uploads\/2025\/01\/IMG_4514-225x300.jpg\" \/><\/p>\n<hr data-start=\"1408\" data-end=\"1411\" \/>\n<h3 data-start=\"184\" data-end=\"223\">\ud83d\udd4c Activit\u00e9s &amp; Exp\u00e9riences Incluses<\/h3>\n<ul data-start=\"225\" data-end=\"799\">\n<li data-start=\"225\" data-end=\"376\">\n<p data-start=\"227\" data-end=\"376\"><strong data-start=\"227\" data-end=\"254\">Visite guid\u00e9e de M\u00e9dine<\/strong><br data-start=\"254\" data-end=\"257\" \/>D\u00e9couverte des lieux historiques et embl\u00e9matiques de la ville du Proph\u00e8te \ufdfa, avec explications et rappels b\u00e9n\u00e9fiques.<\/p>\n<\/li>\n<li data-start=\"378\" data-end=\"545\">\n<p data-start=\"380\" data-end=\"545\"><strong data-start=\"380\" data-end=\"409\">Visite du mus\u00e9e de M\u00e9dine<\/strong><br data-start=\"409\" data-end=\"412\" \/>Plong\u00e9e dans l\u2019histoire de la ville, de l\u2019Islam et des grandes \u00e9tapes de la S\u00eerah \u00e0 travers des expositions riches et instructives.<\/p>\n<\/li>\n<li data-start=\"547\" data-end=\"799\">\n<p data-start=\"549\" data-end=\"639\"><strong data-start=\"549\" data-end=\"593\">Sortie chameaux (exp\u00e9rience authentique) OU Sortie Aleatoire<\/strong><br data-start=\"593\" data-end=\"596\" \/>Immersion dans la culture b\u00e9douine avec :<\/p>\n<ul data-start=\"642\" data-end=\"799\">\n<li data-start=\"642\" data-end=\"673\">\n<p data-start=\"644\" data-end=\"673\">Rencontre avec les chameaux<\/p>\n<\/li>\n<li data-start=\"676\" data-end=\"715\">\n<p data-start=\"678\" data-end=\"715\"><strong data-start=\"678\" data-end=\"713\">D\u00e9gustation de lait de chamelle<\/strong><\/p>\n<\/li>\n<li data-start=\"718\" data-end=\"799\">\n<p data-start=\"720\" data-end=\"799\"><strong data-start=\"720\" data-end=\"750\">Graisse de chameau offerte<\/strong> (traditionnellement utilis\u00e9e pour ses bienfaits)<\/p>\n<\/li>\n<\/ul>\n<\/li>\n<\/ul>\n<hr data-start=\"1630\" data-end=\"1633\" \/>\n<h2 data-start=\"1635\" data-end=\"1646\">\ud83d\udcb3 Tarif<\/h2>\n<ul data-start=\"1647\" data-end=\"1720\">\n<li data-start=\"1647\" data-end=\"1667\">\n<p data-start=\"1649\" data-end=\"1667\"><strong data-start=\"1649\" data-end=\"1667\">495 \u20ac par mois<\/strong><\/p>\n<\/li>\n<li data-start=\"1668\" data-end=\"1720\">\n<p data-start=\"1670\" data-end=\"1720\">\u26a0\ufe0f <strong data-start=\"1673\" data-end=\"1720\">Aucun remboursement ou changement possible apr\u00e8s le paiement<\/strong><\/p>\n<\/li>\n<\/ul>\n<hr data-start=\"1722\" data-end=\"1725\" \/>\n<h2 data-start=\"1727\" data-end=\"1764\">\ud83d\udfe1 Options payantes (facultatives)<\/h2>\n<ul data-start=\"1765\" data-end=\"1903\">\n<li data-start=\"1765\" data-end=\"1831\">\n<p data-start=\"1767\" data-end=\"1831\">\ud83d\udef4 Location trottinette \u00e9lectrique : <strong data-start=\"1804\" data-end=\"1831\">180 \u20ac \/ mois (30 jours)<\/strong><\/p>\n<\/li>\n<\/ul>\n<hr data-start=\"1905\" data-end=\"1908\" \/>\n<h2 data-start=\"1910\" data-end=\"1939\">\ud83d\udccc Modalit\u00e9s d\u2019inscription<\/h2>\n<p data-start=\"1940\" data-end=\"1969\">Apr\u00e8s r\u00e9ception du paiement :<\/p>\n<ul data-start=\"1970\" data-end=\"2130\">\n<li data-start=\"1970\" data-end=\"2026\">\n<p data-start=\"1972\" data-end=\"2026\">Envoi d\u2019un <strong data-start=\"1983\" data-end=\"2026\">lien d\u2019acc\u00e8s \u00e0 un groupe WhatsApp d\u00e9di\u00e9<\/strong><\/p>\n<\/li>\n<li data-start=\"2027\" data-end=\"2130\">\n<p data-start=\"2029\" data-end=\"2130\">Toutes les informations pratiques y seront communiqu\u00e9es<br data-start=\"2084\" data-end=\"2087\" \/>(logement, cours, arriv\u00e9e, organisation\u2026)<\/p>\n<\/li>\n<\/ul>\n<hr data-start=\"2132\" data-end=\"2135\" \/>\n<h2 data-start=\"2137\" data-end=\"2165\">\ud83d\udcde Contact &amp; Informations<\/h2>\n<ul data-start=\"2166\" data-end=\"2285\">\n<li data-start=\"2166\" data-end=\"2213\">\n<p data-start=\"2168\" data-end=\"2213\"><strong data-start=\"2168\" data-end=\"2191\">WhatsApp uniquement<\/strong> : +33 7 58 21 30 23<\/p>\n<\/li>\n<li data-start=\"2214\" data-end=\"2254\">\n<p data-start=\"2216\" data-end=\"2254\"><strong data-start=\"2216\" data-end=\"2226\">E-mail<\/strong> : <a class=\"decorated-link cursor-pointer\" rel=\"noopener\" data-start=\"2229\" data-end=\"2252\">contact@medinatouna.com<\/a><\/p>\n<\/li>\n<li data-start=\"2255\" data-end=\"2285\">\n<p data-start=\"2257\" data-end=\"2285\"><strong data-start=\"2257\" data-end=\"2270\">Instagram<\/strong> : <strong><a href=\"https:\/\/www.instagram.com\/medinatouna\">@medinatouna<\/a><\/strong><\/p>\n<\/li>\n<\/ul>\n","protected":false},"excerpt":{"rendered":"<h2 style=\"text-align: center;\"><strong><span style=\"color: #ff0000;\">Offre Exclusive &amp; Places Limit\u00e9es<\/span>\u00a0<\/strong><\/h2>\n<h2 style=\"text-align: center;\"><strong>Avril \/ Mai 2026<\/strong><\/h2>\n<h2 style=\"text-align: center;\">Langue arabe, h\u00e9bergement &amp; activit\u00e9s \u00e0 M\u00e9dine<\/h2>\n","protected":false},"featured_media":1244,"comment_status":"open","ping_status":"closed","template":"","meta":{"saved_in_kubio":false},"product_brand":[],"product_cat":[26],"product_tag":[],"class_list":{"0":"post-1043","1":"product","2":"type-product","3":"status-publish","4":"has-post-thumbnail","6":"product_cat-packs-langue-arabe","8":"first","9":"instock","10":"shipping-taxable","11":"purchasable","12":"product-type-simple"},"_links":{"self":[{"href":"https:\/\/medinatouna.shop\/fr\/wp-json\/wp\/v2\/product\/1043","targetHints":{"allow":["GET"]}}],"collection":[{"href":"https:\/\/medinatouna.shop\/fr\/wp-json\/wp\/v2\/product"}],"about":[{"href":"https:\/\/medinatouna.shop\/fr\/wp-json\/wp\/v2\/types\/product"}],"replies":[{"embeddable":true,"href":"https:\/\/medinatouna.shop\/fr\/wp-json\/wp\/v2\/comments?post=1043"}],"wp:featuredmedia":[{"embeddable":true,"href":"https:\/\/medinatouna.shop\/fr\/wp-json\/wp\/v2\/media\/1244"}],"wp:attachment":[{"href":"https:\/\/medinatouna.shop\/fr\/wp-json\/wp\/v2\/media?parent=1043"}],"wp:term":[{"taxonomy":"product_brand","embeddable":true,"href":"https:\/\/medinatouna.shop\/fr\/wp-json\/wp\/v2\/product_brand?post=1043"},{"taxonomy":"product_cat","embeddable":true,"href":"https:\/\/medinatouna.shop\/fr\/wp-json\/wp\/v2\/product_cat?post=1043"},{"taxonomy":"product_tag","embeddable":true,"href":"https:\/\/medinatouna.shop\/fr\/wp-json\/wp\/v2\/product_tag?post=1043"}],"curies":[{"name":"wp","href":"https:\/\/api.w.org\/{rel}","templated":true}]}}