{"id":518,"date":"2025-09-11T03:56:16","date_gmt":"2025-09-11T03:56:16","guid":{"rendered":"https:\/\/medinatouna.shop\/?post_type=product&#038;p=518"},"modified":"2026-04-25T03:50:49","modified_gmt":"2026-04-25T03:50:49","slug":"reservation-lit-a-medine","status":"publish","type":"product","link":"https:\/\/medinatouna.shop\/fr\/produit\/reservation-lit-a-medine\/","title":{"rendered":"R\u00e9servation Lit \u00e0 M\u00e9dine"},"content":{"rendered":"<h2 data-start=\"414\" data-end=\"452\">\u2728 Caract\u00e9ristiques des appartements<\/h2>\n<p data-start=\"454\" data-end=\"752\">\u2714\ufe0f Appartements meubl\u00e9s et confortables (2 \u00e0 3 pi\u00e8ces)<br data-start=\"508\" data-end=\"511\" \/>\u2714\ufe0f Cuisine \u00e9quip\u00e9e, r\u00e9frig\u00e9rateur, machine \u00e0 laver<br data-start=\"561\" data-end=\"564\" \/>\u2714\ufe0f 2 \u00e0 3 personnes maximum par chambre<br data-start=\"602\" data-end=\"605\" \/>\u2714\ufe0f \u00c0 environ 15 \u00e0 18 minutes \u00e0 pied du Masjid Nabawi<br data-start=\"657\" data-end=\"660\" \/>\u2714\ufe0f Ambiance conviviale et respectueuse (r\u00e9serv\u00e9 aux hommes)<br data-start=\"719\" data-end=\"722\" \/>\u2714\ufe0f Wifi inclus<\/p>\n<p data-start=\"754\" data-end=\"826\">\ud83d\udcf8 <em data-start=\"757\" data-end=\"826\">Exemples de photos disponibles sur demande \u2013 R\u00e9sidences Medinatouna<\/em><\/p>\n<hr data-start=\"1207\" data-end=\"1210\" \/>\n<h3 data-start=\"1212\" data-end=\"1227\">\ud83d\udccc Conditions<\/h3>\n<ul>\n<li data-start=\"1231\" data-end=\"1265\">R\u00e9serv\u00e9 exclusivement aux hommes<\/li>\n<li data-start=\"1268\" data-end=\"1312\"><span style=\"color: #ff0000;\"><strong>R\u00e9servation nominative et non transf\u00e9rable<\/strong><\/span><\/li>\n<li data-start=\"1315\" data-end=\"1345\"><span style=\"color: #ff0000;\"><strong>R\u00e9servation non remboursable<\/strong><\/span><\/li>\n<li data-start=\"1315\" data-end=\"1345\">pour toutes informations contactez nous\u00a0<strong>sur +33758213023 WhatsApp\u00a0<\/strong><\/li>\n<\/ul>\n<hr \/>\n<h4><strong>Options Payantes <\/strong><\/h4>\n<h3><strong>Trottinettes:<\/strong><\/h3>\n<ul>\n<li>160 euro par mois<\/li>\n<li>100 euro 10\/15 jours<\/li>\n<\/ul>\n<p><img loading=\"lazy\" decoding=\"async\" class=\"alignnone size-medium wp-image-382\" src=\"https:\/\/medinatouna.shop\/wp-content\/uploads\/2025\/08\/trotinette-248x300.jpg\" alt=\"\" width=\"248\" height=\"300\" srcset=\"https:\/\/medinatouna.shop\/wp-content\/uploads\/2025\/08\/trotinette-248x300.jpg 248w, https:\/\/medinatouna.shop\/wp-content\/uploads\/2025\/08\/trotinette-600x726.jpg 600w, https:\/\/medinatouna.shop\/wp-content\/uploads\/2025\/08\/trotinette-846x1024.jpg 846w, https:\/\/medinatouna.shop\/wp-content\/uploads\/2025\/08\/trotinette-768x929.jpg 768w, https:\/\/medinatouna.shop\/wp-content\/uploads\/2025\/08\/trotinette-10x12.jpg 10w, https:\/\/medinatouna.shop\/wp-content\/uploads\/2025\/08\/trotinette-893x1080.jpg 893w, https:\/\/medinatouna.shop\/wp-content\/uploads\/2025\/08\/trotinette.jpg 1125w\" sizes=\"(max-width: 248px) 100vw, 248px\" \/><\/p>\n<p><strong><span style=\"color: #800000;\">contact sur WhatsApp: +33758213023<\/span><\/strong><\/p>\n","protected":false},"excerpt":{"rendered":"<h1 style=\"text-align: center;\" data-start=\"153\" data-end=\"185\">\ud83d\udecf\ufe0f R\u00e9serve ton lit \u00e0 M\u00e9dine<\/h1>\n<h3 style=\"text-align: center;\"><span style=\"color: #ff0000;\"><strong>R\u00e9serv\u00e9 uniquement aux hommes.<\/strong><\/span><\/h3>\n<h2 style=\"text-align: center;\" data-start=\"186\" data-end=\"235\">Dans un cadre confortable, meubl\u00e9 et fraternel<\/h2>\n<h3 data-start=\"833\" data-end=\"862\">\ud83d\udcb0 Tarifs \u2013 Location au lit<\/h3>\n<h4 data-start=\"864\" data-end=\"894\">\ud83d\udecc <strong>Lit en chambre partag\u00e9e<\/strong><\/h4>\n<ul>\n<li data-start=\"898\" data-end=\"924\"><strong><span style=\"color: #000080;\">Forfait 1:<\/span> Mois complet \u2192 <span style=\"color: #ff6600;\">350 \u20ac<\/span><\/strong><\/li>\n<li data-start=\"927\" data-end=\"973\"><strong><span style=\"color: #000080;\">Forfait 2:<\/span> 10 a 15 nuits \u2192 <span style=\"color: #008000;\">260 \u20ac<\/span><\/strong><\/li>\n<li data-start=\"927\" data-end=\"973\"><strong><span style=\"color: #000080;\">Forfait 3:<\/span> 5 a 9 nuits \u2192 <span style=\"color: #008000;\">150 \u20ac<\/span><\/strong><\/li>\n<\/ul>\n<h4 data-start=\"237\" data-end=\"383\">Nos appartements partag\u00e9s vous accueillent dans un environnement <strong data-start=\"302\" data-end=\"341\">pratique, chaleureux et respectueux<\/strong>, de 15 \u00e0 18 Mn a pieds de la Mosqu\u00e9e du Proph\u00e8te \ufdfa.<\/h4>\n<h4 style=\"text-align: center;\" data-start=\"385\" data-end=\"407\"><span style=\"color: #ff0000;\"><strong>\u26a0\ufe0f Places limit\u00e9es<\/strong><\/span><\/h4>\n","protected":false},"featured_media":0,"comment_status":"open","ping_status":"closed","template":"","meta":{"saved_in_kubio":false},"product_brand":[],"product_cat":[25],"product_tag":[],"class_list":{"0":"post-518","1":"product","2":"type-product","3":"status-publish","5":"product_cat-packs-omra-excursions","7":"first","8":"instock","9":"shipping-taxable","10":"purchasable","11":"product-type-variable"},"_links":{"self":[{"href":"https:\/\/medinatouna.shop\/fr\/wp-json\/wp\/v2\/product\/518","targetHints":{"allow":["GET"]}}],"collection":[{"href":"https:\/\/medinatouna.shop\/fr\/wp-json\/wp\/v2\/product"}],"about":[{"href":"https:\/\/medinatouna.shop\/fr\/wp-json\/wp\/v2\/types\/product"}],"replies":[{"embeddable":true,"href":"https:\/\/medinatouna.shop\/fr\/wp-json\/wp\/v2\/comments?post=518"}],"wp:attachment":[{"href":"https:\/\/medinatouna.shop\/fr\/wp-json\/wp\/v2\/media?parent=518"}],"wp:term":[{"taxonomy":"product_brand","embeddable":true,"href":"https:\/\/medinatouna.shop\/fr\/wp-json\/wp\/v2\/product_brand?post=518"},{"taxonomy":"product_cat","embeddable":true,"href":"https:\/\/medinatouna.shop\/fr\/wp-json\/wp\/v2\/product_cat?post=518"},{"taxonomy":"product_tag","embeddable":true,"href":"https:\/\/medinatouna.shop\/fr\/wp-json\/wp\/v2\/product_tag?post=518"}],"curies":[{"name":"wp","href":"https:\/\/api.w.org\/{rel}","templated":true}]}}