{"id":644,"date":"2025-10-27T11:50:36","date_gmt":"2025-10-27T11:50:36","guid":{"rendered":"https:\/\/medinatouna.shop\/?post_type=product&#038;p=644"},"modified":"2026-02-25T16:23:32","modified_gmt":"2026-02-25T16:23:32","slug":"session-intensive-de-langue-arabe-a-medine","status":"publish","type":"product","link":"https:\/\/medinatouna.shop\/fr\/produit\/session-intensive-de-langue-arabe-a-medine\/","title":{"rendered":"Session Intensive de Langue Arabe \u00e0 M\u00e9dine"},"content":{"rendered":"<h3 data-start=\"283\" data-end=\"355\"><strong data-start=\"290\" data-end=\"355\">Apprends la langue du Coran au c\u0153ur de la Ville du Proph\u00e8te \ufdfa<\/strong><\/h3>\n<p data-start=\"357\" data-end=\"587\">Vivez une immersion compl\u00e8te \u00e0 M\u00e9dine pour apprendre la langue arabe dans un environnement spirituel et authentique.<br data-start=\"473\" data-end=\"476\" \/>Un programme intensif de <span style=\"color: #ff6600;\"><strong data-start=\"501\" data-end=\"515\">3 mois<\/strong> <strong>adapt\u00e9 \u00e0<\/strong> <strong data-start=\"525\" data-end=\"545\">tous les niveaux<\/strong>,<\/span> du grand d\u00e9butant \u00e0 l\u2019\u00e9tudiant confirm\u00e9.<\/p>\n<h3 data-start=\"2276\" data-end=\"2304\">\ud83d\udcbc <strong data-start=\"2283\" data-end=\"2304\">Ce qui est inclus<\/strong><\/h3>\n<div class=\"_tableContainer_1rjym_1\">\n<div class=\"_tableContainer_1rjym_1\">\n<div class=\"group _tableWrapper_1rjym_13 flex w-fit flex-col-reverse\" tabindex=\"-1\">\n<table class=\"w-fit min-w-(--thread-content-width)\" style=\"height: 326px;\" width=\"493\" data-start=\"2637\" data-end=\"3085\">\n<thead data-start=\"2637\" data-end=\"2662\">\n<tr data-start=\"2637\" data-end=\"2662\">\n<th data-start=\"2637\" data-end=\"2651\" data-col-size=\"sm\">Prestations<\/th>\n<th data-start=\"2651\" data-end=\"2662\" data-col-size=\"sm\">D\u00e9tails<\/th>\n<\/tr>\n<\/thead>\n<tbody data-start=\"2691\" data-end=\"3085\">\n<tr data-start=\"2691\" data-end=\"2736\">\n<td data-start=\"2691\" data-end=\"2712\" data-col-size=\"sm\">\ud83c\udfeb <strong>Cours intensifs<\/strong><\/td>\n<td data-col-size=\"sm\" data-start=\"2712\" data-end=\"2736\"><span style=\"color: #ff6600;\"><strong>Cours d\u2019arabe (+34H par mois)<\/strong><\/span><\/td>\n<\/tr>\n<tr data-start=\"2737\" data-end=\"2773\">\n<td data-start=\"2737\" data-end=\"2763\" data-col-size=\"sm\">\ud83d\udcda <strong>Livres<\/strong><\/td>\n<td data-col-size=\"sm\" data-start=\"2763\" data-end=\"2773\">Inclus<\/td>\n<\/tr>\n<tr data-start=\"2774\" data-end=\"2808\">\n<td data-start=\"2774\" data-end=\"2798\" data-col-size=\"sm\">\ud83d\udd4c <strong>Halaqas Coraniques<\/strong><\/td>\n<td data-col-size=\"sm\" data-start=\"2798\" data-end=\"2808\">Inclus<\/td>\n<\/tr>\n<tr data-start=\"2809\" data-end=\"2865\">\n<td data-start=\"2809\" data-end=\"2826\" data-col-size=\"sm\">\ud83c\udfe0 <strong>H\u00e9bergement<\/strong><\/td>\n<td data-start=\"2826\" data-end=\"2865\" data-col-size=\"sm\">Appartement partag\u00e9 ou studio priv\u00e9 (famille ou couple)<\/td>\n<\/tr>\n<tr data-start=\"2866\" data-end=\"2918\">\n<td data-start=\"2866\" data-end=\"2876\" data-col-size=\"sm\">\ud83d\udd4b <strong>Omra<\/strong><\/td>\n<td data-col-size=\"sm\" data-start=\"2876\" data-end=\"2918\">1 Omra compl\u00e8te avec h\u00f4tel &amp; transport<\/td>\n<\/tr>\n<tr data-start=\"2919\" data-end=\"2969\">\n<td data-start=\"2919\" data-end=\"2939\" data-col-size=\"sm\"><\/td>\n<td data-col-size=\"sm\" data-start=\"2939\" data-end=\"2969\"><\/td>\n<\/tr>\n<tr data-start=\"2970\" data-end=\"3024\">\n<td data-start=\"2970\" data-end=\"2996\" data-col-size=\"sm\">\u2708\ufe0f <strong data-start=\"2975\" data-end=\"2995\">Visa touristique<\/strong><\/td>\n<td data-col-size=\"sm\" data-start=\"2996\" data-end=\"3024\">En option payante<\/td>\n<\/tr>\n<tr data-start=\"3025\" data-end=\"3085\">\n<td data-start=\"3025\" data-end=\"3048\" data-col-size=\"sm\">\ud83d\udcde Assistance locale<\/td>\n<td data-col-size=\"sm\" data-start=\"3048\" data-end=\"3085\">Suivi et accompagnement sur place<\/td>\n<\/tr>\n<\/tbody>\n<\/table>\n<\/div>\n<\/div>\n<\/div>\n<h2 data-start=\"323\" data-end=\"375\">\ud83c\udf19 <strong data-start=\"329\" data-end=\"375\">Session Intensive de Langue Arabe \u00e0 M\u00e9dine<\/strong><\/h2>\n<h3 data-start=\"377\" data-end=\"449\">\ud83d\udccd <strong data-start=\"384\" data-end=\"449\">Apprends la langue du Coran au c\u0153ur de la Ville du Proph\u00e8te \ufdfa<\/strong><\/h3>\n<p data-start=\"451\" data-end=\"698\">Vivez une exp\u00e9rience unique d\u2019immersion \u00e0 M\u00e9dine pour apprendre la langue arabe dans un cadre spirituel et authentique.<br data-start=\"570\" data-end=\"573\" \/>Un programme complet et intensif de <strong data-start=\"609\" data-end=\"623\">3 \u00e0 6 mois<\/strong>, accessible \u00e0 <strong data-start=\"638\" data-end=\"658\">tous les niveaux<\/strong>, du grand d\u00e9butant \u00e0 l\u2019\u00e9tudiant avanc\u00e9.<\/p>\n<hr data-start=\"700\" data-end=\"703\" \/>\n<h3 data-start=\"705\" data-end=\"741\">\ud83c\udf93 <strong data-start=\"712\" data-end=\"741\">Programme d\u2019apprentissage<\/strong><\/h3>\n<ul>\n<li data-start=\"743\" data-end=\"807\">\n<p data-start=\"745\" data-end=\"807\"><strong data-start=\"745\" data-end=\"764\">Cours intensifs<\/strong> :<\/p>\n<\/li>\n<li><span style=\"color: #ff6600;\"><strong>Cours d\u2019arabe (+34H par mois)<\/strong><\/span><\/li>\n<li data-start=\"808\" data-end=\"897\">\n<p data-start=\"810\" data-end=\"897\"><strong data-start=\"810\" data-end=\"829\">Contenu complet<\/strong> : lecture, \u00e9criture, grammaire, expression orale et compr\u00e9hension<\/p>\n<\/li>\n<li data-start=\"898\" data-end=\"986\">\n<p data-start=\"900\" data-end=\"986\"><strong data-start=\"900\" data-end=\"937\">M\u00e9thode progressive et structur\u00e9e<\/strong>, sur 11 niveaux\u00a0 programme du merkez medinatouna (M\u00e9thode Egyptienne)<\/p>\n<\/li>\n<li data-start=\"987\" data-end=\"1066\">\n<p data-start=\"989\" data-end=\"1066\"><strong data-start=\"989\" data-end=\"1017\">Encadrement personnalis\u00e9<\/strong> pour accompagner chaque \u00e9l\u00e8ve selon son niveau<\/p>\n<\/li>\n<li data-start=\"1067\" data-end=\"1139\">\n<p data-start=\"1069\" data-end=\"1139\"><strong data-start=\"1069\" data-end=\"1107\">Participation aux cercles du Coran<\/strong> dans la Mosqu\u00e9e du Proph\u00e8te \ufdfa<\/p>\n<\/li>\n<\/ul>\n<blockquote data-start=\"1141\" data-end=\"1313\">\n<p data-start=\"1143\" data-end=\"1313\">\ud83d\udd50<span style=\"color: #ff6600;\"><strong> Pendant le mois du Ramadan, les cours sont all\u00e9g\u00e9s \u00e0 2h par jour, 5 fois par semaine, afin de permettre aux \u00e9tudiants de profiter pleinement de ce mois b\u00e9ni.<\/strong><\/span><\/p>\n<p data-start=\"1143\" data-end=\"1313\"><strong><span style=\"color: #ff0000;\">Le Merkez de langue arabe Medinatouna est une structure qui nous appartient\u00a0officiellement, enregistr\u00e9e et en conformit\u00e9 avec la r\u00e9glementation en vigueur en Arabie saoudite, sous le num\u00e9ro de licence 7051008659.<\/span><\/strong><\/p>\n<p data-start=\"1143\" data-end=\"1313\"><img loading=\"lazy\" decoding=\"async\" class=\"alignnone size-medium wp-image-773\" src=\"https:\/\/medinatouna.shop\/wp-content\/uploads\/2025\/11\/photo-merkez-medinatouna-nouveau-263x300.webp\" alt=\"\" width=\"263\" height=\"300\" srcset=\"https:\/\/medinatouna.shop\/wp-content\/uploads\/2025\/11\/photo-merkez-medinatouna-nouveau-263x300.webp 263w, https:\/\/medinatouna.shop\/wp-content\/uploads\/2025\/11\/photo-merkez-medinatouna-nouveau-600x683.webp 600w, https:\/\/medinatouna.shop\/wp-content\/uploads\/2025\/11\/photo-merkez-medinatouna-nouveau-899x1024.webp 899w, https:\/\/medinatouna.shop\/wp-content\/uploads\/2025\/11\/photo-merkez-medinatouna-nouveau-768x875.webp 768w, https:\/\/medinatouna.shop\/wp-content\/uploads\/2025\/11\/photo-merkez-medinatouna-nouveau-11x12.webp 11w, https:\/\/medinatouna.shop\/wp-content\/uploads\/2025\/11\/photo-merkez-medinatouna-nouveau-948x1080.webp 948w, https:\/\/medinatouna.shop\/wp-content\/uploads\/2025\/11\/photo-merkez-medinatouna-nouveau.webp 1024w\" sizes=\"(max-width: 263px) 100vw, 263px\" \/><\/p>\n<\/blockquote>\n<hr data-start=\"1315\" data-end=\"1318\" \/>\n<h3 data-start=\"1320\" data-end=\"1351\">\ud83d\udcc5 <strong data-start=\"1327\" data-end=\"1351\">Dur\u00e9e et flexibilit\u00e9<\/strong><\/h3>\n<p data-start=\"1353\" data-end=\"1417\">Choisissez vos <strong data-start=\"1368\" data-end=\"1387\">dates librement<\/strong> selon votre disponibilit\u00e9 : <span style=\"color: #800000;\"><strong>vos arriv\u00e9es doivent \u00eatre programm\u00e9es entre le 1\u1d49\u02b3 et le 4 de chaque mois<\/strong><\/span><\/p>\n<ul data-start=\"1418\" data-end=\"1569\">\n<li data-start=\"1418\" data-end=\"1484\">\n<p data-start=\"1420\" data-end=\"1484\"><strong data-start=\"1420\" data-end=\"1441\">Session de 3 mois<\/strong> \u2013 id\u00e9ale pour acqu\u00e9rir les bases solides<\/p>\n<\/li>\n<\/ul>\n<p data-start=\"1571\" data-end=\"1655\">Les sessions sont ouvertes <strong data-start=\"1598\" data-end=\"1625\">tout au long de l\u2019ann\u00e9e<\/strong>, selon la capacit\u00e9 d\u2019accueil.<\/p>\n<hr data-start=\"1657\" data-end=\"1660\" \/>\n<h3 data-start=\"1662\" data-end=\"1702\">\ud83d\udd4c <strong data-start=\"1669\" data-end=\"1702\">Une immersion totale \u00e0 M\u00e9dine<\/strong><\/h3>\n<ul data-start=\"1704\" data-end=\"1932\">\n<li data-start=\"1704\" data-end=\"1811\">\n<p data-start=\"1706\" data-end=\"1730\"><strong data-start=\"1706\" data-end=\"1728\">H\u00e9bergement inclus a 18 mn a pied du masjid nabawy<\/strong> :<\/p>\n<ul data-start=\"1733\" data-end=\"1811\">\n<li data-start=\"1733\" data-end=\"1773\">\n<p data-start=\"1735\" data-end=\"1773\">Appartements partag\u00e9s pour \u00e9tudiants<\/p>\n<\/li>\n<li data-start=\"1776\" data-end=\"1811\">\n<p data-start=\"1778\" data-end=\"1811\">Studios et appartements priv\u00e9s pour les couples et familles de plus de 4 personnes<\/p>\n<\/li>\n<\/ul>\n<\/li>\n<li data-start=\"1812\" data-end=\"1872\">\n<p data-start=\"1814\" data-end=\"1872\">Ambiance fraternelle, bienveillante et propice \u00e0 l\u2019\u00e9tude<\/p>\n<\/li>\n<\/ul>\n<p><img loading=\"lazy\" decoding=\"async\" class=\"alignnone size-medium wp-image-595\" src=\"https:\/\/medinatouna.shop\/wp-content\/uploads\/2025\/10\/IMG_5440-225x300.jpeg\" alt=\"\" width=\"225\" height=\"300\" srcset=\"https:\/\/medinatouna.shop\/wp-content\/uploads\/2025\/10\/IMG_5440-225x300.jpeg 225w, https:\/\/medinatouna.shop\/wp-content\/uploads\/2025\/10\/IMG_5440-scaled-600x800.jpeg 600w, https:\/\/medinatouna.shop\/wp-content\/uploads\/2025\/10\/IMG_5440-768x1024.jpeg 768w, https:\/\/medinatouna.shop\/wp-content\/uploads\/2025\/10\/IMG_5440-1152x1536.jpeg 1152w, https:\/\/medinatouna.shop\/wp-content\/uploads\/2025\/10\/IMG_5440-1536x2048.jpeg 1536w, https:\/\/medinatouna.shop\/wp-content\/uploads\/2025\/10\/IMG_5440-9x12.jpeg 9w, https:\/\/medinatouna.shop\/wp-content\/uploads\/2025\/10\/IMG_5440-810x1080.jpeg 810w, https:\/\/medinatouna.shop\/wp-content\/uploads\/2025\/10\/IMG_5440-scaled.jpeg 1920w\" sizes=\"(max-width: 225px) 100vw, 225px\" \/> <img loading=\"lazy\" decoding=\"async\" class=\"alignnone size-medium wp-image-520\" src=\"https:\/\/medinatouna.shop\/wp-content\/uploads\/2025\/09\/IMG_4514-696x928-1-225x300.jpg\" alt=\"\" width=\"225\" height=\"300\" srcset=\"https:\/\/medinatouna.shop\/wp-content\/uploads\/2025\/09\/IMG_4514-696x928-1-225x300.jpg 225w, https:\/\/medinatouna.shop\/wp-content\/uploads\/2025\/09\/IMG_4514-696x928-1-600x800.jpg 600w, https:\/\/medinatouna.shop\/wp-content\/uploads\/2025\/09\/IMG_4514-696x928-1-9x12.jpg 9w, https:\/\/medinatouna.shop\/wp-content\/uploads\/2025\/09\/IMG_4514-696x928-1.jpg 696w\" sizes=\"(max-width: 225px) 100vw, 225px\" \/> <img loading=\"lazy\" decoding=\"async\" class=\"alignnone size-medium wp-image-596\" src=\"https:\/\/medinatouna.shop\/wp-content\/uploads\/2025\/10\/IMG_5437-225x300.jpeg\" alt=\"\" width=\"225\" height=\"300\" srcset=\"https:\/\/medinatouna.shop\/wp-content\/uploads\/2025\/10\/IMG_5437-225x300.jpeg 225w, https:\/\/medinatouna.shop\/wp-content\/uploads\/2025\/10\/IMG_5437-scaled-600x800.jpeg 600w, https:\/\/medinatouna.shop\/wp-content\/uploads\/2025\/10\/IMG_5437-768x1024.jpeg 768w, https:\/\/medinatouna.shop\/wp-content\/uploads\/2025\/10\/IMG_5437-1152x1536.jpeg 1152w, https:\/\/medinatouna.shop\/wp-content\/uploads\/2025\/10\/IMG_5437-1536x2048.jpeg 1536w, https:\/\/medinatouna.shop\/wp-content\/uploads\/2025\/10\/IMG_5437-9x12.jpeg 9w, https:\/\/medinatouna.shop\/wp-content\/uploads\/2025\/10\/IMG_5437-810x1080.jpeg 810w, https:\/\/medinatouna.shop\/wp-content\/uploads\/2025\/10\/IMG_5437-scaled.jpeg 1920w\" sizes=\"(max-width: 225px) 100vw, 225px\" \/><\/p>\n<hr data-start=\"1934\" data-end=\"1937\" \/>\n<h3 data-start=\"1939\" data-end=\"1979\">\ud83d\udd4b <strong data-start=\"1946\" data-end=\"1979\">Omra compl\u00e8te tous les 3 mois <em>(Pas de Omra a partir de la 2eme quinzaine du ramadan et pendant la periode hajj)<\/em><\/strong><\/h3>\n<ul data-start=\"1981\" data-end=\"2106\">\n<li data-start=\"1981\" data-end=\"2026\">\n<p data-start=\"1983\" data-end=\"2026\">Transport aller-retour M\u00e9dine \u2194 La Mecque<\/p>\n<\/li>\n<li data-start=\"2027\" data-end=\"2055\">\n<p data-start=\"2029\" data-end=\"2055\">2 nuits d\u2019h\u00f4tel incluses (hotel Kiswa ou equivalent)<\/p>\n<\/li>\n<li data-start=\"2056\" data-end=\"2106\">\n<p data-start=\"2058\" data-end=\"2106\">Accompagnement spirituel et logistique complet<\/p>\n<\/li>\n<\/ul>\n<hr \/>\n<h3 data-start=\"2113\" data-end=\"2147\">\u2708\ufe0f <strong data-start=\"2120\" data-end=\"2147\">Visa touristique inclus<\/strong><\/h3>\n<ul data-start=\"2149\" data-end=\"2331\">\n<li data-start=\"2149\" data-end=\"2213\">\n<p data-start=\"2151\" data-end=\"2213\"><strong data-start=\"2151\" data-end=\"2172\">Visa \u00e9lectronique<\/strong> en Option (150 euro)<\/p>\n<\/li>\n<li data-start=\"2214\" data-end=\"2270\">\n<p data-start=\"2216\" data-end=\"2270\">Assistance pour toutes les d\u00e9marches administratives<\/p>\n<\/li>\n<\/ul>\n<hr data-start=\"2605\" data-end=\"2608\" \/>\n<h3 data-start=\"2610\" data-end=\"2646\">\ud83c\udfaf <strong data-start=\"2617\" data-end=\"2646\">Objectifs de la formation<\/strong><\/h3>\n<p data-start=\"2648\" data-end=\"2700\">\u00c0 la fin de la session, l\u2019\u00e9tudiant sera capable de :<\/p>\n<ul data-start=\"2701\" data-end=\"2931\">\n<li data-start=\"2701\" data-end=\"2741\">\n<p data-start=\"2703\" data-end=\"2741\">Lire et ecrire<\/p>\n<\/li>\n<li data-start=\"2742\" data-end=\"2789\">\n<p data-start=\"2744\" data-end=\"2789\">S\u2019exprimer en arabe standard avec confiance<\/p>\n<\/li>\n<li data-start=\"2790\" data-end=\"2859\">\n<p data-start=\"2792\" data-end=\"2859\">Approfondir sa compr\u00e9hension du Coran et des sciences religieuses<\/p>\n<\/li>\n<li data-start=\"2860\" data-end=\"2931\">\n<p data-start=\"2862\" data-end=\"2931\">Vivre une immersion compl\u00e8te dans la langue et la culture islamique<\/p>\n<\/li>\n<\/ul>\n<hr \/>\n<h3 data-start=\"3432\" data-end=\"3444\">\ud83d\udcb6<strong>\u00a0Tarif<\/strong><\/h3>\n<ul>\n<li data-start=\"3448\" data-end=\"3498\"><strong data-start=\"3448\" data-end=\"3462\">Prix total<\/strong>\u202f: <span style=\"color: #ff6600;\"><strong>1990\u202f\u20ac par \/ Trimestre<\/strong><\/span><\/li>\n<li data-start=\"3571\" data-end=\"3632\">\n<p data-start=\"3573\" data-end=\"3632\"><span style=\"color: #ff0000;\"><strong data-start=\"3573\" data-end=\"3586\">Important<\/strong>\u202f: Aucun remboursement ni transfert a une autre personne est possible apr\u00e8s paiement<\/span><\/p>\n<\/li>\n<\/ul>\n<p><a href=\"https:\/\/medinatouna.shop\/fr\/a-propos-de-nous\/\"><strong>qui sommes nous cliquez ici<\/strong><\/a><\/p>\n","protected":false},"excerpt":{"rendered":"<h2 data-start=\"357\" data-end=\"587\">Un programme intensif de <span style=\"color: #ff6600;\"><strong data-start=\"501\" data-end=\"515\">3 mois<\/strong> <strong>adapt\u00e9 \u00e0<\/strong> <strong data-start=\"525\" data-end=\"545\">tous les niveaux<\/strong>,<\/span> du grand d\u00e9butant \u00e0 l\u2019\u00e9tudiant confirm\u00e9.<\/h2>\n<h3 style=\"text-align: center;\" data-start=\"2276\" data-end=\"2304\">Pour Homme &#8211; Famille et Enfants a partir de 5 ans<\/h3>\n","protected":false},"featured_media":1063,"comment_status":"open","ping_status":"closed","template":"","meta":{"saved_in_kubio":false},"product_brand":[],"product_cat":[26],"product_tag":[],"class_list":{"0":"post-644","1":"product","2":"type-product","3":"status-publish","4":"has-post-thumbnail","6":"product_cat-packs-langue-arabe","8":"first","9":"instock","10":"shipping-taxable","11":"purchasable","12":"product-type-simple"},"_links":{"self":[{"href":"https:\/\/medinatouna.shop\/fr\/wp-json\/wp\/v2\/product\/644","targetHints":{"allow":["GET"]}}],"collection":[{"href":"https:\/\/medinatouna.shop\/fr\/wp-json\/wp\/v2\/product"}],"about":[{"href":"https:\/\/medinatouna.shop\/fr\/wp-json\/wp\/v2\/types\/product"}],"replies":[{"embeddable":true,"href":"https:\/\/medinatouna.shop\/fr\/wp-json\/wp\/v2\/comments?post=644"}],"wp:featuredmedia":[{"embeddable":true,"href":"https:\/\/medinatouna.shop\/fr\/wp-json\/wp\/v2\/media\/1063"}],"wp:attachment":[{"href":"https:\/\/medinatouna.shop\/fr\/wp-json\/wp\/v2\/media?parent=644"}],"wp:term":[{"taxonomy":"product_brand","embeddable":true,"href":"https:\/\/medinatouna.shop\/fr\/wp-json\/wp\/v2\/product_brand?post=644"},{"taxonomy":"product_cat","embeddable":true,"href":"https:\/\/medinatouna.shop\/fr\/wp-json\/wp\/v2\/product_cat?post=644"},{"taxonomy":"product_tag","embeddable":true,"href":"https:\/\/medinatouna.shop\/fr\/wp-json\/wp\/v2\/product_tag?post=644"}],"curies":[{"name":"wp","href":"https:\/\/api.w.org\/{rel}","templated":true}]}}